{"id":1333,"date":"2019-02-05T15:50:20","date_gmt":"2019-02-05T14:50:20","guid":{"rendered":"http:\/\/www.narsa-securiteroutiere.ma\/?page_id=1333"},"modified":"2024-11-12T17:42:29","modified_gmt":"2024-11-12T16:42:29","slug":"qui-sommes-nous","status":"publish","type":"page","link":"https:\/\/www.narsa-securiteroutiere.ma\/fr\/qui-sommes-nous\/","title":{"rendered":"Qui sommes-nous ?"},"content":{"rendered":"\r\n\r\n<figure><img decoding=\"async\" src=\"\/wp-content\/uploads\/2024\/05\/img-bg-qui-sommes-nous-vf.jpg\" alt=\"\" \/><\/figure>\r\n\r\n\r\n<h2 class=\"wp-block-heading\">Pourquoi narsa-securiteroutiere.ma ?<\/h2>\r\n\r\n\r\n<p>Dans son dernier rapport, l\u2019OMS pointe une fois encore les accidents de la route comme l\u2019une des premi\u00e8res causes de mortalit\u00e9, tuant chaque ann\u00e9e 1,35 millions de personnes dans le monde. Concernant les enfants et les jeunes de 5 \u00e0 29 ans, les accidents de voiture sont m\u00eame la premi\u00e8re cause de mortalit\u00e9\u00a0! Environ 10 personnes meurent chaque jour sur les routes marocaines, d\u2019autres sont bless\u00e9es ou handicap\u00e9es \u00e0 vie. Des chiffres inacceptables, contre lesquels le civisme et l\u2019\u00e9ducation ont une place primordiale \u00e0 jouer. C\u2019est l\u2019enjeu de ce blog, qui se propose d\u2019informer les conducteurs et tous les usagers de la route quant aux comportements \u00e0 risques et aux moyens d\u2019am\u00e9liorer la s\u00e9curit\u00e9 sur les routes. Bienvenue sur notre blog enti\u00e8rement d\u00e9di\u00e9 \u00e0 la pr\u00e9vention routi\u00e8re\u00a0!<\/p>\r\n\r\n\r\n<h2 class=\"wp-block-heading\">S\u00e9curit\u00e9 routi\u00e8re\u00a0: l\u2019affaire de tous<\/h2>\r\n\r\n\r\n<p>Les enfants et les personnes \u00e2g\u00e9es, mais aussi les pi\u00e9tons et les cyclistes font partie des usagers de la route les plus vuln\u00e9rables. Les automobilistes ont donc une double responsabilit\u00e9\u00a0: leur propre s\u00e9curit\u00e9 et celle des autres. Sur ce blog, vous allez d\u00e9couvrir quelles sont les pratiques \u00e0 risques, les comportements routiers inadapt\u00e9s, mais aussi la fa\u00e7on d\u2019am\u00e9liorer votre conduite afin de participer activement \u00e0 la pr\u00e9vention routi\u00e8re au quotidien. Vous trouverez des conseils pratiques sur les points \u00e0 contr\u00f4ler sur votre voiture, la mani\u00e8re de conduire de fa\u00e7on s\u00e9curitaire la nuit ou en cas de fort trafic, etc. Si chacun fait un effort, la route deviendra plus s\u00fbre.<\/p>\r\n\r\n\r\n<h2 class=\"wp-block-heading\">Une information actualis\u00e9e sur la s\u00e9curit\u00e9 routi\u00e8re<\/h2>\r\n\r\n\r\n<p>Usage du t\u00e9l\u00e9phone portable, vitesse excessive, alcool au volant\u00a0: nous connaissons tous les dangers li\u00e9s \u00e0 la conduite, que les campagnes men\u00e9es par les associations de pr\u00e9vention nous rappellent r\u00e9guli\u00e8rement. Pourtant, ces comportements perdurent et continuent de tuer chaque ann\u00e9e des innocents. Sur ce blog, vous trouverez des articles ayant trait \u00e0 la pr\u00e9vention routi\u00e8re sous tous ses aspects\u00a0: conduite, code de la route, l\u00e9gislation en vigueur, s\u00e9curit\u00e9 des v\u00e9hicules, etc. Vous pourrez aussi conna\u00eetre les manifestations ayant pour th\u00e8me la pr\u00e9vention des accidents, telles que la Journ\u00e9e nationale de la s\u00e9curit\u00e9 routi\u00e8re. Vous souhaitez en savoir plus\u00a0? Suivez-nous sur\u00a0<a href=\"https:\/\/www.facebook.com\/NARSA20\/\">notre page Facebook<\/a>!<\/p>\r\n\r\n\r\n\r\n","protected":false},"excerpt":{"rendered":"","protected":false},"author":9,"featured_media":0,"parent":0,"menu_order":0,"comment_status":"closed","ping_status":"closed","template":"","meta":{"footnotes":""},"class_list":["post-1333","page","type-page","status-publish","hentry"],"yoast_head":"<!-- This site is optimized with the Yoast SEO plugin v27.1.1 - https:\/\/yoast.com\/product\/yoast-seo-wordpress\/ -->\n<title>Qui sommes-nous ? - S\u00e9curit\u00e9 Routi\u00e8re<\/title>\n<meta name=\"description\" content=\"Dans son dernier rapport, l\u2019OMS pointe une fois encore les accidents de la route comme l\u2019une des premi\u00e8res causes de mortalit\u00e9, tuant chaque\" \/>\n<meta name=\"robots\" content=\"index, follow, max-snippet:-1, max-image-preview:large, max-video-preview:-1\" \/>\n<link rel=\"canonical\" href=\"https:\/\/www.narsa-securiteroutiere.ma\/fr\/qui-sommes-nous\/\" \/>\n<meta property=\"og:locale\" content=\"fr_FR\" \/>\n<meta property=\"og:type\" content=\"article\" \/>\n<meta property=\"og:title\" content=\"Qui sommes-nous ? - S\u00e9curit\u00e9 Routi\u00e8re\" \/>\n<meta property=\"og:description\" content=\"Dans son dernier rapport, l\u2019OMS pointe une fois encore les accidents de la route comme l\u2019une des premi\u00e8res causes de mortalit\u00e9, tuant chaque\" \/>\n<meta property=\"og:url\" content=\"https:\/\/www.narsa-securiteroutiere.ma\/fr\/qui-sommes-nous\/\" \/>\n<meta property=\"og:site_name\" content=\"S\u00e9curit\u00e9 Routi\u00e8re\" \/>\n<meta property=\"article:modified_time\" content=\"2024-11-12T16:42:29+00:00\" \/>\n<meta name=\"twitter:card\" content=\"summary_large_image\" \/>\n<meta name=\"twitter:label1\" content=\"Dur\u00e9e de lecture estim\u00e9e\" \/>\n\t<meta name=\"twitter:data1\" content=\"4 minutes\" \/>\n<script type=\"application\/ld+json\" class=\"yoast-schema-graph\">{\"@context\":\"https:\/\/schema.org\",\"@graph\":[{\"@type\":\"WebPage\",\"@id\":\"https:\/\/www.narsa-securiteroutiere.ma\/ar\/qui-sommes-nous\/\",\"url\":\"https:\/\/www.narsa-securiteroutiere.ma\/ar\/qui-sommes-nous\/\",\"name\":\"Qui sommes-nous ? - S\u00e9curit\u00e9 Routi\u00e8re\",\"isPartOf\":{\"@id\":\"https:\/\/www.narsa-securiteroutiere.ma\/fr\/#website\"},\"datePublished\":\"2019-02-05T14:50:20+00:00\",\"dateModified\":\"2024-11-12T16:42:29+00:00\",\"description\":\"Dans son dernier rapport, l\u2019OMS pointe une fois encore les accidents de la route comme l\u2019une des premi\u00e8res causes de mortalit\u00e9, tuant chaque\",\"inLanguage\":\"fr-FR\",\"potentialAction\":[{\"@type\":\"ReadAction\",\"target\":[\"https:\/\/www.narsa-securiteroutiere.ma\/ar\/qui-sommes-nous\/\"]}]},{\"@type\":\"WebSite\",\"@id\":\"https:\/\/www.narsa-securiteroutiere.ma\/fr\/#website\",\"url\":\"https:\/\/www.narsa-securiteroutiere.ma\/fr\/\",\"name\":\"S\u00e9curit\u00e9 Routi\u00e8re\",\"description\":\"\",\"publisher\":{\"@id\":\"https:\/\/www.narsa-securiteroutiere.ma\/fr\/#organization\"},\"potentialAction\":[{\"@type\":\"SearchAction\",\"target\":{\"@type\":\"EntryPoint\",\"urlTemplate\":\"https:\/\/www.narsa-securiteroutiere.ma\/fr\/?s={search_term_string}\"},\"query-input\":{\"@type\":\"PropertyValueSpecification\",\"valueRequired\":true,\"valueName\":\"search_term_string\"}}],\"inLanguage\":\"fr-FR\"},{\"@type\":\"Organization\",\"@id\":\"https:\/\/www.narsa-securiteroutiere.ma\/fr\/#organization\",\"name\":\"S\u00e9curit\u00e9 Routi\u00e8re\",\"url\":\"https:\/\/www.narsa-securiteroutiere.ma\/fr\/\",\"logo\":{\"@type\":\"ImageObject\",\"inLanguage\":\"fr-FR\",\"@id\":\"https:\/\/www.narsa-securiteroutiere.ma\/fr\/#\/schema\/logo\/image\/\",\"url\":\"https:\/\/www.narsa-securiteroutiere.ma\/wp-content\/uploads\/2024\/04\/logo-scuriteroutiere.png\",\"contentUrl\":\"https:\/\/www.narsa-securiteroutiere.ma\/wp-content\/uploads\/2024\/04\/logo-scuriteroutiere.png\",\"width\":222,\"height\":137,\"caption\":\"S\u00e9curit\u00e9 Routi\u00e8re\"},\"image\":{\"@id\":\"https:\/\/www.narsa-securiteroutiere.ma\/fr\/#\/schema\/logo\/image\/\"}}]}<\/script>\n<!-- \/ Yoast SEO plugin. -->","yoast_head_json":{"title":"Qui sommes-nous ? - S\u00e9curit\u00e9 Routi\u00e8re","description":"Dans son dernier rapport, l\u2019OMS pointe une fois encore les accidents de la route comme l\u2019une des premi\u00e8res causes de mortalit\u00e9, tuant chaque","robots":{"index":"index","follow":"follow","max-snippet":"max-snippet:-1","max-image-preview":"max-image-preview:large","max-video-preview":"max-video-preview:-1"},"canonical":"https:\/\/www.narsa-securiteroutiere.ma\/fr\/qui-sommes-nous\/","og_locale":"fr_FR","og_type":"article","og_title":"Qui sommes-nous ? - S\u00e9curit\u00e9 Routi\u00e8re","og_description":"Dans son dernier rapport, l\u2019OMS pointe une fois encore les accidents de la route comme l\u2019une des premi\u00e8res causes de mortalit\u00e9, tuant chaque","og_url":"https:\/\/www.narsa-securiteroutiere.ma\/fr\/qui-sommes-nous\/","og_site_name":"S\u00e9curit\u00e9 Routi\u00e8re","article_modified_time":"2024-11-12T16:42:29+00:00","twitter_card":"summary_large_image","twitter_misc":{"Dur\u00e9e de lecture estim\u00e9e":"4 minutes"},"schema":{"@context":"https:\/\/schema.org","@graph":[{"@type":"WebPage","@id":"https:\/\/www.narsa-securiteroutiere.ma\/ar\/qui-sommes-nous\/","url":"https:\/\/www.narsa-securiteroutiere.ma\/ar\/qui-sommes-nous\/","name":"Qui sommes-nous ? - S\u00e9curit\u00e9 Routi\u00e8re","isPartOf":{"@id":"https:\/\/www.narsa-securiteroutiere.ma\/fr\/#website"},"datePublished":"2019-02-05T14:50:20+00:00","dateModified":"2024-11-12T16:42:29+00:00","description":"Dans son dernier rapport, l\u2019OMS pointe une fois encore les accidents de la route comme l\u2019une des premi\u00e8res causes de mortalit\u00e9, tuant chaque","inLanguage":"fr-FR","potentialAction":[{"@type":"ReadAction","target":["https:\/\/www.narsa-securiteroutiere.ma\/ar\/qui-sommes-nous\/"]}]},{"@type":"WebSite","@id":"https:\/\/www.narsa-securiteroutiere.ma\/fr\/#website","url":"https:\/\/www.narsa-securiteroutiere.ma\/fr\/","name":"S\u00e9curit\u00e9 Routi\u00e8re","description":"","publisher":{"@id":"https:\/\/www.narsa-securiteroutiere.ma\/fr\/#organization"},"potentialAction":[{"@type":"SearchAction","target":{"@type":"EntryPoint","urlTemplate":"https:\/\/www.narsa-securiteroutiere.ma\/fr\/?s={search_term_string}"},"query-input":{"@type":"PropertyValueSpecification","valueRequired":true,"valueName":"search_term_string"}}],"inLanguage":"fr-FR"},{"@type":"Organization","@id":"https:\/\/www.narsa-securiteroutiere.ma\/fr\/#organization","name":"S\u00e9curit\u00e9 Routi\u00e8re","url":"https:\/\/www.narsa-securiteroutiere.ma\/fr\/","logo":{"@type":"ImageObject","inLanguage":"fr-FR","@id":"https:\/\/www.narsa-securiteroutiere.ma\/fr\/#\/schema\/logo\/image\/","url":"https:\/\/www.narsa-securiteroutiere.ma\/wp-content\/uploads\/2024\/04\/logo-scuriteroutiere.png","contentUrl":"https:\/\/www.narsa-securiteroutiere.ma\/wp-content\/uploads\/2024\/04\/logo-scuriteroutiere.png","width":222,"height":137,"caption":"S\u00e9curit\u00e9 Routi\u00e8re"},"image":{"@id":"https:\/\/www.narsa-securiteroutiere.ma\/fr\/#\/schema\/logo\/image\/"}}]}},"_links":{"self":[{"href":"https:\/\/www.narsa-securiteroutiere.ma\/fr\/wp-json\/wp\/v2\/pages\/1333","targetHints":{"allow":["GET"]}}],"collection":[{"href":"https:\/\/www.narsa-securiteroutiere.ma\/fr\/wp-json\/wp\/v2\/pages"}],"about":[{"href":"https:\/\/www.narsa-securiteroutiere.ma\/fr\/wp-json\/wp\/v2\/types\/page"}],"author":[{"embeddable":true,"href":"https:\/\/www.narsa-securiteroutiere.ma\/fr\/wp-json\/wp\/v2\/users\/9"}],"replies":[{"embeddable":true,"href":"https:\/\/www.narsa-securiteroutiere.ma\/fr\/wp-json\/wp\/v2\/comments?post=1333"}],"version-history":[{"count":21,"href":"https:\/\/www.narsa-securiteroutiere.ma\/fr\/wp-json\/wp\/v2\/pages\/1333\/revisions"}],"predecessor-version":[{"id":7001,"href":"https:\/\/www.narsa-securiteroutiere.ma\/fr\/wp-json\/wp\/v2\/pages\/1333\/revisions\/7001"}],"wp:attachment":[{"href":"https:\/\/www.narsa-securiteroutiere.ma\/fr\/wp-json\/wp\/v2\/media?parent=1333"}],"curies":[{"name":"wp","href":"https:\/\/api.w.org\/{rel}","templated":true}]}}